{"id":705,"date":"2018-01-12T10:38:47","date_gmt":"2018-01-12T09:38:47","guid":{"rendered":"https:\/\/www.vdf.eu\/?page_id=705"},"modified":"2021-01-05T17:59:48","modified_gmt":"2021-01-05T16:59:48","slug":"we-are","status":"publish","type":"page","link":"https:\/\/www.vdf.eu\/en\/we-are\/","title":{"rendered":"We are"},"content":{"rendered":"\n\t<h1>\n\t\t\t\tWe are\n\t\t\t<\/h1>\n\t<p>Wir nutzen das Knowhow von aktuell \u00fcber 50 Mitarbeitern und Partnern aus den Bereichen Recht, Steuern, Unternehmensberatung und Insolvenzverwaltung zu einem umfassenden, detaillierten und ideenreichen Beratungsansatz. Wir k\u00f6nnen Krise.<\/p>\n<p>Als f\u00fchrende Insolvenz-Kanzlei sind wir dar\u00fcberhinaus nicht nur immer auf dem Stand der Dinge, sondern haben den Anspruch, immer wieder neue Ma\u00dfst\u00e4be zu setzen und die Federf\u00fchrung zu \u00fcbernehmen. Wir verlieren dabei aber nie das eigentliche Ziel aus den Augen: Unserem Mandanten sinnvolle Wege aus der Krise aufzuzeigen oder das beste aus dem vorhandenen Potential zu machen. In der akuten Krisensituation zeigen wir mit ehrlichen Worten, seri\u00f6sen Analysen, einer zuversichtlichen Herangehensweise und der Offenheit f\u00fcr kreative Wege neue Perspektiven auf.<\/p>\n\t\t\t\t<img decoding=\"async\" src=\"https:\/\/www.vdf.eu\/wp-content\/uploads\/zuversichtlich.png\" alt=\"zuversichtlich\" itemprop=\"image\"\/>\n\t\t<h3>POSITIVE<\/h3>\t\t\t\n\t\t\t\t<p><a name=\"_GoBack\"><\/a> Our experience gained from many cases of bankruptcy and our commitment to always find new solutions gives us a great amount of positivity in resolving even the most challenging situation. And we love to share this positivity with our clients \u2013 we know how to conquer crises.<\/p>\n\t\t\t\t<img decoding=\"async\" src=\"https:\/\/www.vdf.eu\/wp-content\/uploads\/fuehrend.png\" alt=\"fuehrend\" itemprop=\"image\"\/>\n\t\t<h3>LEADING<\/h3>\t\t\t\n\t\t\t\t<p>Under the umbrella of the VON DER FECHT &amp; PARTNER, PartG mbB, there is an interdisciplinary network of expertise from the areas of bankruptcy administration, legal advice as well as tax and management consultancy. From this interconnected expert knowledge emerges an inner coherency that echoes in our slogan: Creating Success. <\/p>\n\t\t\t\t<img decoding=\"async\" src=\"https:\/\/www.vdf.eu\/wp-content\/uploads\/phantasievoll.png\" alt=\"phantasievoll\" itemprop=\"image\"\/>\n\t\t<h3>IMAGINATIVE<\/h3>\t\t\t\n\t\t\t\t<p>Most people will find it strange to hear the word \u201cimaginative\u201d in association with a bankruptcy law firm. We highly value cultivating the inventiveness of our employees and partners. In the VON DER FECHT &amp; PARTNER, PartG mbB, the way of creatively discussing and analyzing experiences from our many cases in turn provide new ideas and strategies for future clients. You will therefore never be told anything like \u201cwe have always done it this way\u201d.<\/p>\n\t\t\t\t<img decoding=\"async\" src=\"https:\/\/www.vdf.eu\/wp-content\/uploads\/serioes.png\" alt=\"serioes\" itemprop=\"image\"\/>\n\t\t<h3>RELIABLE<\/h3>\t\t\t\n\t\t\t\t<p>Being the most important virtues of our profession, reliability and integrity are our topmost priorities. The prerequisite to our consulting is an accurate, thorough and extensive analysis of the status quo which we meticulously adjust to our client\u2019s goals and needs. This is how we build a realistic foundation for our strategic guidance.<\/p>\n\t\t\t\t<img decoding=\"async\" src=\"https:\/\/www.vdf.eu\/wp-content\/uploads\/offen-und-ehrlich.png\" alt=\"offen-und-ehrlich\" itemprop=\"image\"\/>\n\t\t<h3>HONEST<\/h3>\t\t\t\n\t\t\t\t<p>Our clients can always trust in our honesty. It starts with our very own employees: We always act upon our beliefs, support an unreserved exchange of opinions and treat possible risks transparently and responsibly. Honestly also means: No hesitation for charging course in the middle of a project, may circumstances drastically change \u2013 a situation when honest words and realistic analyses are needed more than ever to achieve successful results.<\/p>\n","protected":false},"excerpt":{"rendered":"<p>We are Wir nutzen das Knowhow von aktuell \u00fcber 50 Mitarbeitern und Partnern aus den Bereichen Recht, Steuern, Unternehmensberatung und Insolvenzverwaltung zu einem umfassenden, detaillierten und ideenreichen Beratungsansatz. Wir k\u00f6nnen Krise. Als f\u00fchrende Insolvenz-Kanzlei sind wir dar\u00fcberhinaus nicht nur immer auf dem Stand der Dinge, sondern haben den Anspruch, immer wieder neue Ma\u00dfst\u00e4be zu setzen&hellip;<\/p>\n","protected":false},"author":7,"featured_media":0,"parent":0,"menu_order":0,"comment_status":"closed","ping_status":"closed","template":"","meta":{"_acf_changed":false,"footnotes":""},"acf":[],"_links":{"self":[{"href":"https:\/\/www.vdf.eu\/en\/wp-json\/wp\/v2\/pages\/705"}],"collection":[{"href":"https:\/\/www.vdf.eu\/en\/wp-json\/wp\/v2\/pages"}],"about":[{"href":"https:\/\/www.vdf.eu\/en\/wp-json\/wp\/v2\/types\/page"}],"author":[{"embeddable":true,"href":"https:\/\/www.vdf.eu\/en\/wp-json\/wp\/v2\/users\/7"}],"replies":[{"embeddable":true,"href":"https:\/\/www.vdf.eu\/en\/wp-json\/wp\/v2\/comments?post=705"}],"version-history":[{"count":10,"href":"https:\/\/www.vdf.eu\/en\/wp-json\/wp\/v2\/pages\/705\/revisions"}],"predecessor-version":[{"id":2451,"href":"https:\/\/www.vdf.eu\/en\/wp-json\/wp\/v2\/pages\/705\/revisions\/2451"}],"wp:attachment":[{"href":"https:\/\/www.vdf.eu\/en\/wp-json\/wp\/v2\/media?parent=705"}],"curies":[{"name":"wp","href":"https:\/\/api.w.org\/{rel}","templated":true}]}}