{"id":713,"date":"2018-01-12T11:18:22","date_gmt":"2018-01-12T10:18:22","guid":{"rendered":"https:\/\/www.vdf.eu\/?page_id=713"},"modified":"2025-06-24T09:24:24","modified_gmt":"2025-06-24T07:24:24","slug":"partner-team","status":"publish","type":"page","link":"https:\/\/www.vdf.eu\/en\/partner-team\/","title":{"rendered":"Partner &#038; Team"},"content":{"rendered":"\n\n\t<h1>\n\t\t\t\tPartner &#038; Team\n\t\t\t<\/h1>\n\t<h2>\n\t\t\t\tPartner\n\t\t\t<\/h2>\n\t\t\t\t<img decoding=\"async\" src=\"https:\/\/www.vdf.eu\/wp-content\/uploads\/3413sw-scaled.jpg\" alt=\"3413sw\" itemprop=\"image\"\/>\n\t\t<h4>DR. WOLF-R\u00dcDIGER<br \/>VON DER FECHT<\/h4>\t\t\t\n\t\t\t\t<img decoding=\"async\" src=\"https:\/\/www.vdf.eu\/wp-content\/uploads\/Luenterbusch.jpg\" alt=\"Luenterbusch\" itemprop=\"image\"\/>\n\t\t<h4>DR. ARMIN L\u00dcNTERBUSCH<\/h4>\t\t\t\n\t<h2>\n\t\t\t\tTeam\n\t\t\t<\/h2>\n\t\t\t\t<img decoding=\"async\" src=\"https:\/\/www.vdf.eu\/wp-content\/uploads\/damian-dlugosch.jpg\" alt=\"damian-dlugosch-3\" itemprop=\"image\"\/>\n\t\t<h4>Damian Dlugosch<\/h4>\t\t\t\n\t\t\t\t<img decoding=\"async\" src=\"https:\/\/www.vdf.eu\/wp-content\/uploads\/Ingrid-Durben.jpg\" alt=\"Ingrid-Durben\" itemprop=\"image\"\/>\n\t\t<h4>Ingrid Durben<\/h4>\t\t\t\n\t\t\t\t<img decoding=\"async\" src=\"https:\/\/www.vdf.eu\/wp-content\/uploads\/Julia-Hantke.jpg\" alt=\"Julia-Hantke\" itemprop=\"image\"\/>\n\t\t<h4>Julia Hantke<\/h4>\t\t\t\n\t\t\t\t<img decoding=\"async\" src=\"https:\/\/www.vdf.eu\/wp-content\/uploads\/Achim-Kraekel.jpg\" alt=\"Achim-Kraekel\" itemprop=\"image\"\/>\n\t\t<h4>Achim Kraekel<\/h4>\t\t\t\n\t\t\t\t<img decoding=\"async\" src=\"https:\/\/www.vdf.eu\/wp-content\/uploads\/Mueller-Wuesten.jpg\" alt=\"Mueller-Wuesten\" itemprop=\"image\"\/>\n\t\t<h4>Horst E.<br \/>M\u00fcller-W\u00fcsten<\/h4>\t\t\t\n\t\t\t\t<img decoding=\"async\" src=\"https:\/\/www.vdf.eu\/wp-content\/uploads\/Kai_Hoenick_vdF_foto_emil_zander-1.jpg\" alt=\"Kai_Hoenick_vdF_foto_emil_zander\" itemprop=\"image\"\/>\n\t\t<h4>KAI H\u00d6NICK<\/h4>\t\t\t\n\t<h2>\n\t\t\t\tManagement consultancy\n\t\t\t<\/h2>\n\t\t\t\t<img decoding=\"async\" src=\"https:\/\/www.vdf.eu\/wp-content\/uploads\/Brenig_Burkhard_foto_emilzander__DSC6345_sw_fin-e1558039766776-1.jpg\" alt=\"Brenig_Burkhard_foto_emilzander__DSC6345_sw_fin-e1558039766776\" itemprop=\"image\"\/>\n\t\t<h4>BURKHARD BRENIG<\/h4>\t\t\t\n\t<h2>\n\t\t\t\t COOPERATION PARTNERS\n\t\t\t<\/h2>\n\t\t\t\t<img decoding=\"async\" src=\"https:\/\/www.vdf.eu\/wp-content\/uploads\/Mensendiek-0001bz2-sw-1024x1024.jpg\" alt=\"Mensendiek-0001bz2-sw\" itemprop=\"image\"\/>\n\t\t<h4>GERD MENSENDIEK<\/h4>\t\t\t\n\t\t\t\t<img decoding=\"async\" src=\"https:\/\/www.vdf.eu\/wp-content\/uploads\/Oehus-0003bz2-sw-1024x1024.jpg\" alt=\"Oehus-0003bz2-sw\" itemprop=\"image\"\/>\n\t\t<h4>UWE OEHUS<\/h4>\t\t\t\n\t\t\t\t<img decoding=\"async\" src=\"https:\/\/www.vdf.eu\/wp-content\/uploads\/Sinne-0014bz2-sw-1024x1024.jpg\" alt=\"Sinne-0014bz2-sw\" itemprop=\"image\"\/>\n\t\t<h4>Susanne Raupach-Sinne<\/h4>\t\t\t\n\t\t\t\t<img decoding=\"async\" src=\"https:\/\/www.vdf.eu\/wp-content\/uploads\/Maertens-0114bz2-sw-1024x1024.jpg\" alt=\"Maertens-0114bz2-sw\" itemprop=\"image\"\/>\n\t\t<h4>Andrea Maertens<\/h4>\t\t\t\n\n","protected":false},"excerpt":{"rendered":"<p>Partner &#038; Team Partner DR. WOLF-R\u00dcDIGERVON DER FECHT DR. ARMIN L\u00dcNTERBUSCH Team Damian Dlugosch Ingrid Durben Julia Hantke Achim Kraekel Horst E.M\u00fcller-W\u00fcsten KAI H\u00d6NICK Management consultancy BURKHARD BRENIG COOPERATION PARTNERS GERD MENSENDIEK UWE OEHUS Susanne Raupach-Sinne Andrea Maertens<\/p>\n","protected":false},"author":7,"featured_media":0,"parent":0,"menu_order":0,"comment_status":"closed","ping_status":"closed","template":"","meta":{"_acf_changed":false,"footnotes":""},"acf":[],"_links":{"self":[{"href":"https:\/\/www.vdf.eu\/en\/wp-json\/wp\/v2\/pages\/713"}],"collection":[{"href":"https:\/\/www.vdf.eu\/en\/wp-json\/wp\/v2\/pages"}],"about":[{"href":"https:\/\/www.vdf.eu\/en\/wp-json\/wp\/v2\/types\/page"}],"author":[{"embeddable":true,"href":"https:\/\/www.vdf.eu\/en\/wp-json\/wp\/v2\/users\/7"}],"replies":[{"embeddable":true,"href":"https:\/\/www.vdf.eu\/en\/wp-json\/wp\/v2\/comments?post=713"}],"version-history":[{"count":20,"href":"https:\/\/www.vdf.eu\/en\/wp-json\/wp\/v2\/pages\/713\/revisions"}],"predecessor-version":[{"id":3523,"href":"https:\/\/www.vdf.eu\/en\/wp-json\/wp\/v2\/pages\/713\/revisions\/3523"}],"wp:attachment":[{"href":"https:\/\/www.vdf.eu\/en\/wp-json\/wp\/v2\/media?parent=713"}],"curies":[{"name":"wp","href":"https:\/\/api.w.org\/{rel}","templated":true}]}}