{"id":766,"date":"2018-01-12T12:57:24","date_gmt":"2018-01-12T11:57:24","guid":{"rendered":"https:\/\/www.vdf.eu\/?page_id=766"},"modified":"2026-01-15T14:47:10","modified_gmt":"2026-01-15T13:47:10","slug":"legal-notice","status":"publish","type":"page","link":"https:\/\/www.vdf.eu\/en\/legal-notice\/","title":{"rendered":"Legal Notice"},"content":{"rendered":"\n\n\t<h1>\n\t\t\t\tLegal Notice\n\t\t\t<\/h1>\n\tDiese Website stellt einen gemeinschaftlichen Auftritt folgender Gesellschaften dar:<br \/>\n&#8211; VON DER FECHT &amp; PARTNER, Rechtsanw\u00e4lte &amp; Steuerberater, PartG mbB und<br \/>\n&#8211; VON DER FECHT Consult GmbH\n<strong>VON DER FECHT &amp; PARTNER, Rechtsanw\u00e4lte &amp; Steuerberater, PartG mbB<\/strong><br \/>\nKaiserswerther Stra\u00dfe 253<br \/>\n40474\u00a0D\u00fcsseldorf\nTel.: 0211 \/ 13 940<br \/>\nFax: 0211 \/ 13 94 251<br \/>\nE-Mail:\u00a0kontakt@vdf.eu\nFinanzamt D\u00fcsseldorf-Nord<br \/>\nUmsatzsteueridentifikationsnummer: DE337158321<br \/>\nAmtsgericht Essen PR 4556\n<strong>von der Fecht Consult GmbH<\/strong><br \/>\nKaiserswerther Stra\u00dfe 253<br \/>\n40474 D\u00fcsseldorf\nTel.: 0211 \/ 13 940<br \/>\nFax: 0211 \/ 13 94 251<br \/>\nE-Mail: kontakt@vdf.eu\nGesch\u00e4ftsf\u00fchrer: Dr. Wolf-R. von der Fecht<br \/>\nUmsatzsteueridentifikationsnummer: DE293731638<br \/>\nAmtsgericht D\u00fcsseldorf HRB 71972\n<strong>Zulassung<br \/>\n<\/strong>Die Rechtsanw\u00e4lte und Rechtsanw\u00e4ltinnen der VON DER FECHT &amp; PARTNER, Rechtsanw\u00e4lte &amp; Steuerberater, PartG mbB sind in der Bundesrepublik Deutschland zugelassen.\n<p>Die Rechtsanw\u00e4lte und Rechtsanw\u00e4ltinnen Dr. Wolf-R. von der Fecht, Dr. Armin L\u00fcnterbusch, Achim Kraekel, Julia Hantke und Alexander William Elskamp geh\u00f6ren der Rechtsanwaltskammer D\u00fcsseldorf an.<\/p>\n<p>Frau Rechtsanw\u00e4ltin Marike Schwarz geh\u00f6rt der Rechtsanwaltskammer Hamm an.<\/p>\n<p>Herr\u00a0Rechtsanwalt Horst E. M\u00fcller-W\u00fcsten geh\u00f6rt der Rechtsanwaltskammer K\u00f6ln an.<\/p>\n<p>Die Steuerberater der VON DER FECHT &amp; PARTNER, Rechtsanw\u00e4lte &amp; Steuerberater, PartG mbB Dr. Wolf-R. von der Fecht, Damian Dlugosch und Kai H\u00f6nick sind in der Bundesrepublik Deutschland zugelassen und geh\u00f6ren der Steuerberaterkammer D\u00fcsseldorf an.<\/p>\n<p>Es gelten folgende Geb\u00fchren- und Berufsordnungen:<\/p>\n<p>Rechtsanw\u00e4lte<\/p>\n<p>&#8211;\u00a0<a href=\"http:\/\/bundesrecht.juris.de\/bundesrecht\/index.html\">Bundesrechtsanwaltsordnung (BRAO)<\/a><\/p>\n<p>&#8211;\u00a0<a href=\"http:\/\/www.brak.de\/w\/files\/02_fuer_anwaelte\/bora_stand_01.03.11.pdf\">Berufsordnung (BORA)<\/a><\/p>\n<p>&#8211;\u00a0<a href=\"http:\/\/www.brak.de\/w\/files\/02_fuer_anwaelte\/berufsrecht\/fao_01_07_2011.pdf\">Fachanwaltsordnung (FAO)<\/a><\/p>\n<p>&#8211;\u00a0<a href=\"http:\/\/bundesrecht.juris.de\/rvg\/index.html\">Rechtsanwaltsverg\u00fctungsgesetz (RVG)<\/a><\/p>\n<p>&#8211;\u00a0<a href=\"http:\/\/www.brak.de\/w\/files\/02_fuer_anwaelte\/Berufsregeln_Mai%202006_090615.pdf\">Berufsregeln der Rechtsanw\u00e4lte der Europ\u00e4ischen Gemeinschaft (CCBE)<\/a><\/p>\n<p>&#8211;\u00a0<a href=\"http:\/\/www.gesetze-im-internet.de\/eurag\/BJNR018210000.html\">Gesetz \u00fcber die T\u00e4tigkeit europ\u00e4ischer Rechtsanw\u00e4lte in Deutschland (EuRAG)<\/a><\/p>\n<p><a href=\"http:\/\/www.gesetze-im-internet.de\/bundesrecht\/bragebo\/gesamt.pdf\">&#8211; Bundesrechtsanwaltsgeb\u00fchrenordnung (BRAGO)<\/a><\/p>\n<p>Die beruflichen Regelungen f\u00fcr die Rechtsanw\u00e4lte und Rechtsanw\u00e4ltinnen in der Bundesrepublik Deutschland k\u00f6nnen bei der zust\u00e4ndigen Rechtsanwaltskammer D\u00fcsseldorf (<a href=\"http:\/\/www.rechtsanwaltskammer-duesseldorf.de\/\">www.rechtsanwaltskammer-duesseldorf.de<\/a>) und K\u00f6ln (<a href=\"http:\/\/www.rak-koeln.de\/\">www.rak-koeln.de<\/a>) eingesehen werden. Diese finden Sie auch auf der Homepage der Bundesrechtsanwaltskammer (<a href=\"http:\/\/www.brak.de\/\">www.brak.de<\/a>).<\/p>\n<p>F\u00fcr den Bereich des internationalen Rechtsverkehrs gelten die Standesregelungen der Rechtsanw\u00e4lte in der europ\u00e4ischen Gemeinschaft. F\u00fcr ausl\u00e4ndische Kolleginnen und Kollegen gilt das Gesetz \u00fcber die T\u00e4tigkeit europ\u00e4ischer Rechtsanw\u00e4lte in Deutschland.<\/p>\n<p>Steuerberater:<\/p>\n<p>&#8211;\u00a0<a href=\"http:\/\/www.stbkammer-berlin.de\/Dokumente\/StBerG.pdf\">Steuerberatungsgesetz (StBerG)<\/a><\/p>\n<p>&#8211;\u00a0<a href=\"http:\/\/www.dstv.de\/archiv\/dvstb.pdf\">Durchf\u00fchrungsverordnung zum Steuerberatungsgesetz (DVStB)<\/a><\/p>\n<p>&#8211;\u00a0<a href=\"http:\/\/www.stbkammer-berlin.de\/Dokumente\/StBGebVO.pdf\">Steuerberatergeb\u00fchrenverordnung (StBGebV)<\/a><\/p>\n<p>&#8211;\u00a0<a href=\"http:\/\/www.bstbk.de\/export\/sites\/standard\/de\/ressourcen\/Dokumente\/04_presse\/publikationen\/03_berufsrecht\/10506_BSK_Berufsordnung_final.pdf\">Berufsordnung der Bundessteuerberaterkammer (BOStB)<\/a><\/p>\n<p>Die beruflichen Regelungen k\u00f6nnen bei der zust\u00e4ndigen Steuerberaterkammer D\u00fcsseldorf (<a href=\"http:\/\/www.stbk-duesseldorf.de\/\">www.stbk-duesseldorf.de<\/a>) eingesehen werden. Diese finden Sie auch auf der Homepage der Bundessteuerberaterkammer (<a href=\"http:\/\/www.bstbk.de\/\">www.bstbk.de<\/a>).<\/p>\n<strong>Berufshaftpflichtversicherung<br \/>\n<\/strong>Die Berufshaftpflichtversicherung f\u00fcr die Rechtsanw\u00e4lte und Steuerberater besteht mit weltweitem Geltungsbereich bei der ERGO Versicherung AG, Victoriaplatz 2 in 40477 D\u00fcsseldorf.\n<strong>Datenschutzerkl\u00e4rung<br \/>\n<\/strong>Sie k\u00f6nnen unsere Internetseite besuchen, ohne Angaben zu Ihrer Person zu machen. Wir speichern lediglich Zugriffsdaten ohne Personenbezug wie z.B. den Namen Ihres Internet-Service-Providers, die Seite, von der aus Sie uns besuchen oder den Namen der angeforderten Datei. Diese Daten erlauben keinen R\u00fcckschluss auf Ihre Person.\n<p>Auf unseren Internetseiten verwenden wir Cookies, um Pr\u00e4ferenzen verfolgen und unsere Website optimal gestalten zu k\u00f6nnen. Cookies werden jedoch nicht verwendet, um die einzelnen Besuche unserer Website zu verfolgen. Cookies werden heutzutage von den meisten Websites routinem\u00e4\u00dfig eingesetzt. Sollten Sie in dieser Hinsicht Bedenken haben, k\u00f6nnen Sie Ihren Browser so einstellen, dass er keine Cookies akzeptiert.<\/p>\n<p>Personenbezogene Daten werden von uns nur erhoben, wenn Sie uns diese im Rahmen Ihrer Kontaktaufnahme freiwillig mitteilen. Derartige Informationen werden von uns ausschlie\u00dflich zum entsprechenden Zweck und unter Beachtung der geltenden gesetzlichen Bestimmungen genutzt; eine weitergehende Nutzung erfolgt nur mit Ihrer Einwilligung.<\/p>\n<p>Der Wert Ihrer pers\u00f6nlichen Angaben ist uns bewusst. Wir teilen daher Dritten keinerlei personenbezogene Daten mit, sofern dies nicht gesetzlich erlaubt ist oder vom Betroffenen selbst ausdr\u00fccklich gew\u00fcnscht wird. Die jeweils geltenden gesetzlichen Bestimmungen, insbesondere des Bundesdatenschutzgesetzes (BDSG) und des Telemediengesetzes (TMG), werden selbstverst\u00e4ndlich von uns beachtet.<\/p>\n\n","protected":false},"excerpt":{"rendered":"<p>Legal Notice Diese Website stellt einen gemeinschaftlichen Auftritt folgender Gesellschaften dar: &#8211; VON DER FECHT &amp; PARTNER, Rechtsanw\u00e4lte &amp; Steuerberater, PartG mbB und &#8211; VON DER FECHT Consult GmbH VON DER FECHT &amp; PARTNER, Rechtsanw\u00e4lte &amp; Steuerberater, PartG mbB Kaiserswerther Stra\u00dfe 253 40474\u00a0D\u00fcsseldorf Tel.: 0211 \/ 13 940 Fax: 0211 \/ 13 94 251 E-Mail:\u00a0kontakt@vdf.eu&hellip;<\/p>\n","protected":false},"author":7,"featured_media":0,"parent":0,"menu_order":0,"comment_status":"closed","ping_status":"closed","template":"","meta":{"_acf_changed":false,"footnotes":""},"acf":[],"_links":{"self":[{"href":"https:\/\/www.vdf.eu\/en\/wp-json\/wp\/v2\/pages\/766"}],"collection":[{"href":"https:\/\/www.vdf.eu\/en\/wp-json\/wp\/v2\/pages"}],"about":[{"href":"https:\/\/www.vdf.eu\/en\/wp-json\/wp\/v2\/types\/page"}],"author":[{"embeddable":true,"href":"https:\/\/www.vdf.eu\/en\/wp-json\/wp\/v2\/users\/7"}],"replies":[{"embeddable":true,"href":"https:\/\/www.vdf.eu\/en\/wp-json\/wp\/v2\/comments?post=766"}],"version-history":[{"count":12,"href":"https:\/\/www.vdf.eu\/en\/wp-json\/wp\/v2\/pages\/766\/revisions"}],"predecessor-version":[{"id":3558,"href":"https:\/\/www.vdf.eu\/en\/wp-json\/wp\/v2\/pages\/766\/revisions\/3558"}],"wp:attachment":[{"href":"https:\/\/www.vdf.eu\/en\/wp-json\/wp\/v2\/media?parent=766"}],"curies":[{"name":"wp","href":"https:\/\/api.w.org\/{rel}","templated":true}]}}